{"id":10619,"date":"2021-06-13T11:14:31","date_gmt":"2021-06-13T09:14:31","guid":{"rendered":"https:\/\/vtc-booking.com\/?page_id=10619"},"modified":"2022-02-15T14:03:03","modified_gmt":"2022-02-15T13:03:03","slug":"contact-2","status":"publish","type":"page","link":"https:\/\/vtc-booking.com\/en\/contact-2\/","title":{"rendered":"Contact."},"content":{"rendered":"<p>[et_pb_section fb_built= \u00bb1\u2033 fullwidth= \u00bbon \u00bb _builder_version= \u00bb4.5.3\u2033 background_enable_color= \u00bboff \u00bb background_image= \u00bbhttps:\/\/vtc-booking.com\/wp-content\/uploads\/2020\/07\/contact-1025 -608-min.jpg \u00bb locked= \u00bboff \u00bb global_colors_info= \u00bb{} \u00bb][et_pb_fullwidth_header title= \u00bbContact Us \u00bb subhead= \u00bbCall us at: +213 77 05 54 012 +33 7 49 01 93 14\u2033 text_orientation= \u00bbcenter \u00bb header_fullscreen= \u00bbon \u00bb button_one_text= \u00bbCalculate the Price of Your Trip \u00bb button_one_url= \u00bbhttps:\/\/vtc-booking.com\/#formulaire \u00bb title_tablet= \u00bbNice airport driver, compliance and comfort \u00bb title_phone= \u00bbNice airport driver , compliance and comfort \u00bb title_last_edited= \u00bboff|phone \u00bb admin_label= \u00bbHome header \u00bb _builder_version= \u00bb4.5.1\u2033 title_font= \u00bbRoboto|800||||on||| \u00bb title_text_align= \u00bbcenter \u00bb title_text_color= \u00bb#ffffff \u00bb title_font_size= \u00bb56px \u00bb title_letter_spacing= \u00bb1px \u00bb title_line_height= \u00bb1.5em \u00bb content_font= \u00bbRoboto|||||on||| \u00bb content_text_align= \u00bbcenter \u00bb content_font_size= \u00bb25px \u00bb content_letter_spacing= \u00bb-1px \u00bb content_line_height= \u00bb2em \u00bb subhead_font= \u00bbRoboto|300||||on||| \u00bb subhead_text_color= \u00bb#ffffff \u00bb subhead_font_size= \u00bb35px \u00bb subhead_letter_spacing= \u00bb2px \u00bb subhead_line_height= \u00bb1.5em \u00bb content_ul_font= \u00bbArial|||||||| \u00bb content_ul_text_align= \u00bbcenter \u00bb content_ul_letter_spacing= \u00bb1px \u00bb content_ul_line_height= \u00bb1.5em \u00bb background_color= \u00bbrgba(0,0,0,0.55) \u00bb background_color_gradient_direction= \u00bb1deg \u00bb background_enable_image= \u00bboff \u00bb parallax= \u00bbon \u00bb custom_button_one= \u00bbon \u00bb button_one_text_size= \u00bb18px \u00bb button_one_text_color= \u00bb#ffffff \u00bb button_one_bg_color= \u00bb#e02b20\u2033 button_one_border_width= \u00bb1px \u00bb button_one_border_color= \u00bb#ffffff \u00bb button_one_letter_spacing= \u00bb1px \u00bb button_one_font= \u00bbRoboto|300|||| on||| \u00bb button_one_use_icon= \u00bboff \u00bb custom_button_two= \u00bbon \u00bb button_two_text_size= \u00bb14px \u00bb button_two_text_color= \u00bb#ffffff \u00bb button_two_bg_color= \u00bb#e02b20\u2033 button_two_border_width= \u00bb1px \u00bb button_two_border_color= \u00bb#ffffff \u00bb button_two_letter_spacing= \u00bb1 px \u00bb button_two_font= \u00bbRoboto|300||| |on||| \u00bb button_two_use_icon= \u00bboff \u00bb custom_margin= \u00bb-80px|0px|0px|0px|false|true \u00bb custom_margin_tablet= \u00bb-100px||-100px||true|true \u00bb custom_margin_phone= \u00bb-110px||||false|true \u00bb custom_margin_last_edited= \u00bbon|desktop \u00bb custom_padding= \u00bb|0px|0px|0px|false|false \u00bb title_font_tablet= \u00bb \u00bb title_font_phone= \u00bb \u00bb title_font_last_edited= \u00bbon|phone \u00bb title_font_size_tablet= \u00bb40px \u00bb title_font_size_phone= \u00bb26px \u00bb title_font_size_last_edited= \u00bb we |tablet \u00bb title_line_height_tablet= \u00bb1.5em \u00bb title_line_height_phone= \u00bb1.5em \u00bb title_line_height_last_edited= \u00bbon|desktop \u00bb content_font_size_tablet= \u00bb \u00bb content_font_size_phone= \u00bb25px \u00bb content_font_size_last_edited= \u00bbon|phone \u00bb subhead_font_tablet= \u00bbRoboto|300||||on| || \u00bb subhead_font_phone= \u00bb \u00bb subhead_font_last_edited= \u00bbon|phone \u00bb subhead_font_size_tablet= \u00bb25px \u00bb subhead_font_size_phone= \u00bb16px \u00bb subhead_font_size_last_edited= \u00bbon|phone \u00bb button_one_text_size_tablet= \u00bb \u00bb button_one_text_size_phone= \u00bb14px \u00bb button_one_text_size_last_edited= \u00bb on|desktop \u00bb button_one_bg_color_tablet= \u00bb \u00bb button_one_bg_color_phone = \u00bb \u00bb button_one_bg_color_last_edited = \u00bbon|desktop \u00bb button_two_text_size_tablet = \u00bb \u00bb button_two_text_size_phone = \u00bb \u00bb button_two_text_size_last_edited = \u00bbon|phone \u00bb box_shadow_style_button_one = \u00bbpreset1\u2033 box_shadow_blur_button_one = \u00bb20px \u00bb box_shadow_spread_button_one = \u00bb1px \u00bb box_ shadow_color_button_one= \u00bb#ffffff \u00bb box_shadow_style_button_two= \u00bbpreset1\u2033 box_shadow_blur_button_two= \u00bb20px \u00bb box_shadow_spread_button_two= \u00bb1px \u00bb box_shadow_color_button_two= \u00bb#ffffff \u00bb global_colors_info= \u00bb{} \u00bb][\/et_pb_fullwidth_header][\/et_pb_section][et_pb_section fb_built= \u00bb1\u2033 custom_padding_last_edited= \u00bboff|desktop \u00bb admin_label= \u00bbsection \u00bb _builder_version = \u00bb4.6.1\u2033 background_color= \u00bb#3f3f3f \u00bb background_enable_image= \u00bboff \u00bb custom_margin_tablet= \u00bb-30px||||false|false \u00bb custom_margin_phone= \u00bb-30px||0px||false|false \u00bb custom_margin_last_edited= \u00bboff|desktop \u00bb custom_padding_phone= \u00bb0px||0px| \u00bb top_divider_color= \u00bb#e02b20\u2033 bottom_divider_style= \u00bbwave2\u2033 bottom_divider_color= \u00bb#000000\u2033 bottom_divider_height= \u00bb45px \u00bb global_colors_info= \u00bb{} \u00bb][et_pb_row disabled_on= \u00bbon|on|on \u00bb module_class= \u00bb et_pb_row_fullwidth \u00bb _builder_version= \u00bb4.7.6 \u2033 background_enable_color= \u00bboff \u00bb background_image= \u00bbhttps:\/\/vtc-booking.com\/wp-content\/uploads\/2020\/07\/Black-color-contact-form.jpg \u00bb width= \u00bb95% \u00bb width_tablet= \u00bb80% \u00bb width_last_edited = \u00bboff|desktop \u00bb max_width= \u00bb90% \u00bb max_width_tablet= \u00bb80% \u00bb max_width_last_edited= \u00bboff|desktop \u00bb custom_margin= \u00bb-110px||||false|false \u00bb custom_margin_tablet= \u00bb35px||||false|false \u00bb custom_margin_phone= \u00bb35px||||false|false \u00bb custom_margin_last_edited= \u00bboff|desktop \u00bb custom_padding= \u00bb29px|20px|20px|20px|| \u00bb border_radii= \u00bbon|10px|10px|10px|10px \u00bb border_color_all= \u00bb#e02b20\u2033 box_shadow_style= \u00bbpreset1\u2033 make_fullwidth= \u00bbon \u00bb disabled= \u00bbon \u00bb global_colors_info= \u00bb{} \u00bb][et_pb_column type= \u00bb4_4\u2033 _builder_version= \u00bb3.25\u2033 custom_padding= \u00bb||| \u00bb global_colors_info= \u00bb{} \u00bb custom_padding__hover= \u00bb||| \u00bb][et_pb_text _builder_version= \u00bb4.4.8\u2033 header_2_font= \u00bbRoboto|300||||on||| \u00bb header_2_text_color= \u00bb#ffffff \u00bb header_2_font_size= \u00bb30px \u00bb header_2_letter_spacing= \u00bb2px \u00bb header_2_line_height= \u00bb1.3em \u00bb global_colors_info= \u00bb{} \u00bb]<\/p>\n<h2 style=\"text-align: center;\">Contact form<\/h2>\n<p>[\/et_pb_text][et_pb_contact_form email=\u00a0\u00bbcontact.togolimo@gmail.com\u00a0\u00bb success_message=\u00a0\u00bbBravo ! Votre message a bien \u00e9t\u00e9 envoy\u00e9\u00a0\u00bb submit_button_text=\u00a0\u00bbEnvoyer\u00a0\u00bb _builder_version=\u00a0\u00bb4.6.1&Prime; form_field_background_color=\u00a0\u00bbrgba(255,255,255,0.55)\u00a0\u00bb form_field_text_color=\u00a0\u00bb#000000&Prime; captcha_text_color=\u00a0\u00bb#ffffff\u00a0\u00bb captcha_font_size=\u00a0\u00bb20px\u00a0\u00bb form_field_font=\u00a0\u00bbRoboto|||||on|||\u00a0\u00bb form_field_font_size=\u00a0\u00bb14px\u00a0\u00bb form_field_letter_spacing=\u00a0\u00bb2px\u00a0\u00bb form_field_line_height=\u00a0\u00bb1.3em\u00a0\u00bb custom_button=\u00a0\u00bbon\u00a0\u00bb button_text_size=\u00a0\u00bb22px\u00a0\u00bb button_text_color=\u00a0\u00bb#ffffff\u00a0\u00bb button_bg_color=\u00a0\u00bbrgba(224,11,0,0.71)\u00a0\u00bb button_text_size_tablet=\u00a0\u00bb\u00a0\u00bb button_text_size_phone=\u00a0\u00bb21px\u00a0\u00bb button_text_size_last_edited=\u00a0\u00bbon|phone\u00a0\u00bb global_colors_info=\u00a0\u00bb{}\u00a0\u00bb][et_pb_contact_field field_id=\u00a0\u00bbFirst_Name\u00a0\u00bb field_title=\u00a0\u00bbPr\u00e9nom *\u00a0\u00bb _builder_version=\u00a0\u00bb4.6.1&Prime; global_colors_info=\u00a0\u00bb{}\u00a0\u00bb button_text_size__hover_enabled=\u00a0\u00bboff\u00a0\u00bb button_one_text_size__hover_enabled=\u00a0\u00bboff\u00a0\u00bb button_two_text_size__hover_enabled=\u00a0\u00bboff\u00a0\u00bb button_text_color__hover_enabled=\u00a0\u00bboff\u00a0\u00bb button_one_text_color__hover_enabled=\u00a0\u00bboff\u00a0\u00bb button_two_text_color__hover_enabled=\u00a0\u00bboff\u00a0\u00bb button_border_width__hover_enabled=\u00a0\u00bboff\u00a0\u00bb button_one_border_width__hover_enabled=\u00a0\u00bboff\u00a0\u00bb button_two_border_width__hover_enabled=\u00a0\u00bboff\u00a0\u00bb button_border_color__hover_enabled=\u00a0\u00bboff\u00a0\u00bb button_one_border_color__hover_enabled=\u00a0\u00bboff\u00a0\u00bb button_two_border_color__hover_enabled=\u00a0\u00bboff\u00a0\u00bb button_border_radius__hover_enabled=\u00a0\u00bboff\u00a0\u00bb button_one_border_radius__hover_enabled=\u00a0\u00bboff\u00a0\u00bb button_two_border_radius__hover_enabled=\u00a0\u00bboff\u00a0\u00bb button_letter_spacing__hover_enabled=\u00a0\u00bboff\u00a0\u00bb button_one_letter_spacing__hover_enabled=\u00a0\u00bboff\u00a0\u00bb button_two_letter_spacing__hover_enabled=\u00a0\u00bboff\u00a0\u00bb button_bg_color__hover_enabled=\u00a0\u00bboff\u00a0\u00bb button_one_bg_color__hover_enabled=\u00a0\u00bboff\u00a0\u00bb button_two_bg_color__hover_enabled=\u00a0\u00bboff\u00a0\u00bb][\/et_pb_contact_field][et_pb_contact_field field_id=\u00a0\u00bbName\u00a0\u00bb field_title=\u00a0\u00bbNom *\u00a0\u00bb _builder_version=\u00a0\u00bb4.6.1&Prime; global_colors_info=\u00a0\u00bb{}\u00a0\u00bb button_text_size__hover_enabled=\u00a0\u00bboff\u00a0\u00bb button_one_text_size__hover_enabled=\u00a0\u00bboff\u00a0\u00bb button_two_text_size__hover_enabled=\u00a0\u00bboff\u00a0\u00bb button_text_color__hover_enabled=\u00a0\u00bboff\u00a0\u00bb button_one_text_color__hover_enabled=\u00a0\u00bboff\u00a0\u00bb button_two_text_color__hover_enabled=\u00a0\u00bboff\u00a0\u00bb button_border_width__hover_enabled=\u00a0\u00bboff\u00a0\u00bb button_one_border_width__hover_enabled=\u00a0\u00bboff\u00a0\u00bb button_two_border_width__hover_enabled=\u00a0\u00bboff\u00a0\u00bb button_border_color__hover_enabled=\u00a0\u00bboff\u00a0\u00bb button_one_border_color__hover_enabled=\u00a0\u00bboff\u00a0\u00bb button_two_border_color__hover_enabled=\u00a0\u00bboff\u00a0\u00bb button_border_radius__hover_enabled=\u00a0\u00bboff\u00a0\u00bb button_one_border_radius__hover_enabled=\u00a0\u00bboff\u00a0\u00bb button_two_border_radius__hover_enabled=\u00a0\u00bboff\u00a0\u00bb button_letter_spacing__hover_enabled=\u00a0\u00bboff\u00a0\u00bb button_one_letter_spacing__hover_enabled=\u00a0\u00bboff\u00a0\u00bb button_two_letter_spacing__hover_enabled=\u00a0\u00bboff\u00a0\u00bb button_bg_color__hover_enabled=\u00a0\u00bboff\u00a0\u00bb button_one_bg_color__hover_enabled=\u00a0\u00bboff\u00a0\u00bb button_two_bg_color__hover_enabled=\u00a0\u00bboff\u00a0\u00bb][\/et_pb_contact_field][et_pb_contact_field field_id=\u00a0\u00bbEmail_adress\u00a0\u00bb field_title=\u00a0\u00bbEmail *\u00a0\u00bb field_type=\u00a0\u00bbemail\u00a0\u00bb conditional_logic=\u00a0\u00bbon\u00a0\u00bb conditional_logic_rules=\u00a0\u00bb%91{%22field%22:%22name%22,%22condition%22:%22is%22,%22value%22:%22%22}%93&Prime; _builder_version=\u00a0\u00bb4.6.1&Prime; global_colors_info=\u00a0\u00bb{}\u00a0\u00bb button_text_size__hover_enabled=\u00a0\u00bboff\u00a0\u00bb button_one_text_size__hover_enabled=\u00a0\u00bboff\u00a0\u00bb button_two_text_size__hover_enabled=\u00a0\u00bboff\u00a0\u00bb button_text_color__hover_enabled=\u00a0\u00bboff\u00a0\u00bb button_one_text_color__hover_enabled=\u00a0\u00bboff\u00a0\u00bb button_two_text_color__hover_enabled=\u00a0\u00bboff\u00a0\u00bb button_border_width__hover_enabled=\u00a0\u00bboff\u00a0\u00bb button_one_border_width__hover_enabled=\u00a0\u00bboff\u00a0\u00bb button_two_border_width__hover_enabled=\u00a0\u00bboff\u00a0\u00bb button_border_color__hover_enabled=\u00a0\u00bboff\u00a0\u00bb button_one_border_color__hover_enabled=\u00a0\u00bboff\u00a0\u00bb button_two_border_color__hover_enabled=\u00a0\u00bboff\u00a0\u00bb button_border_radius__hover_enabled=\u00a0\u00bboff\u00a0\u00bb button_one_border_radius__hover_enabled=\u00a0\u00bboff\u00a0\u00bb button_two_border_radius__hover_enabled=\u00a0\u00bboff\u00a0\u00bb button_letter_spacing__hover_enabled=\u00a0\u00bboff\u00a0\u00bb button_one_letter_spacing__hover_enabled=\u00a0\u00bboff\u00a0\u00bb button_two_letter_spacing__hover_enabled=\u00a0\u00bboff\u00a0\u00bb button_bg_color__hover_enabled=\u00a0\u00bboff\u00a0\u00bb button_one_bg_color__hover_enabled=\u00a0\u00bboff\u00a0\u00bb button_two_bg_color__hover_enabled=\u00a0\u00bboff\u00a0\u00bb][\/et_pb_contact_field][et_pb_contact_field field_id=\u00a0\u00bbT\u00e9l\u00e9phone_mobile\u00a0\u00bb field_title=\u00a0\u00bbN\u00b0 de T\u00e9l\u00e9phone\u00a0\u00bb required_mark=\u00a0\u00bboff\u00a0\u00bb _builder_version=\u00a0\u00bb4.5.3&Prime; global_colors_info=\u00a0\u00bb{}\u00a0\u00bb button_text_size__hover_enabled=\u00a0\u00bboff\u00a0\u00bb button_one_text_size__hover_enabled=\u00a0\u00bboff\u00a0\u00bb button_two_text_size__hover_enabled=\u00a0\u00bboff\u00a0\u00bb button_text_color__hover_enabled=\u00a0\u00bboff\u00a0\u00bb button_one_text_color__hover_enabled=\u00a0\u00bboff\u00a0\u00bb button_two_text_color__hover_enabled=\u00a0\u00bboff\u00a0\u00bb button_border_width__hover_enabled=\u00a0\u00bboff\u00a0\u00bb button_one_border_width__hover_enabled=\u00a0\u00bboff\u00a0\u00bb button_two_border_width__hover_enabled=\u00a0\u00bboff\u00a0\u00bb button_border_color__hover_enabled=\u00a0\u00bboff\u00a0\u00bb button_one_border_color__hover_enabled=\u00a0\u00bboff\u00a0\u00bb button_two_border_color__hover_enabled=\u00a0\u00bboff\u00a0\u00bb button_border_radius__hover_enabled=\u00a0\u00bboff\u00a0\u00bb button_one_border_radius__hover_enabled=\u00a0\u00bboff\u00a0\u00bb button_two_border_radius__hover_enabled=\u00a0\u00bboff\u00a0\u00bb button_letter_spacing__hover_enabled=\u00a0\u00bboff\u00a0\u00bb button_one_letter_spacing__hover_enabled=\u00a0\u00bboff\u00a0\u00bb button_two_letter_spacing__hover_enabled=\u00a0\u00bboff\u00a0\u00bb button_bg_color__hover_enabled=\u00a0\u00bboff\u00a0\u00bb button_one_bg_color__hover_enabled=\u00a0\u00bboff\u00a0\u00bb button_two_bg_color__hover_enabled=\u00a0\u00bboff\u00a0\u00bb][\/et_pb_contact_field][et_pb_contact_field field_id=\u00a0\u00bbMessage\u00a0\u00bb field_title=\u00a0\u00bbMessage *\u00a0\u00bb field_type=\u00a0\u00bbtext\u00a0\u00bb fullwidth_field=\u00a0\u00bbon\u00a0\u00bb _builder_version=\u00a0\u00bb4.6.1&Prime; global_colors_info=\u00a0\u00bb{}\u00a0\u00bb button_text_size__hover_enabled=\u00a0\u00bboff\u00a0\u00bb button_one_text_size__hover_enabled=\u00a0\u00bboff\u00a0\u00bb button_two_text_size__hover_enabled=\u00a0\u00bboff\u00a0\u00bb button_text_color__hover_enabled=\u00a0\u00bboff\u00a0\u00bb button_one_text_color__hover_enabled=\u00a0\u00bboff\u00a0\u00bb button_two_text_color__hover_enabled=\u00a0\u00bboff\u00a0\u00bb button_border_width__hover_enabled=\u00a0\u00bboff\u00a0\u00bb button_one_border_width__hover_enabled=\u00a0\u00bboff\u00a0\u00bb button_two_border_width__hover_enabled=\u00a0\u00bboff\u00a0\u00bb button_border_color__hover_enabled=\u00a0\u00bboff\u00a0\u00bb button_one_border_color__hover_enabled=\u00a0\u00bboff\u00a0\u00bb button_two_border_color__hover_enabled=\u00a0\u00bboff\u00a0\u00bb button_border_radius__hover_enabled=\u00a0\u00bboff\u00a0\u00bb button_one_border_radius__hover_enabled=\u00a0\u00bboff\u00a0\u00bb button_two_border_radius__hover_enabled=\u00a0\u00bboff\u00a0\u00bb button_letter_spacing__hover_enabled=\u00a0\u00bboff\u00a0\u00bb button_one_letter_spacing__hover_enabled=\u00a0\u00bboff\u00a0\u00bb button_two_letter_spacing__hover_enabled=\u00a0\u00bboff\u00a0\u00bb button_bg_color__hover_enabled=\u00a0\u00bboff\u00a0\u00bb button_one_bg_color__hover_enabled=\u00a0\u00bboff\u00a0\u00bb button_two_bg_color__hover_enabled=\u00a0\u00bboff\u00a0\u00bb][\/et_pb_contact_field][et_pb_contact_field field_id=\u00a0\u00bbObject_of_message\u00a0\u00bb field_title=\u00a0\u00bbObjet du Message *\u00a0\u00bb field_type=\u00a0\u00bbselect\u00a0\u00bb select_options=\u00a0\u00bb%91{%22value%22:%22R\u00e9servation Trajet Simple%22,%22checked%22:0,%22dragID%22:-1},{%22value%22:%22Mise \u00e0 Disposition%22,%22checked%22:0,%22dragID%22:0},{%22value%22:%22Tour N\u00b0 1%22,%22checked%22:0,%22dragID%22:1},{%22value%22:%22Tour N\u00b0 2%22,%22checked%22:0,%22dragID%22:2},{%22value%22:%22Tour N\u00b0 3%22,%22checked%22:0,%22dragID%22:3},{%22value%22:%22Tour N\u00b0 4%22,%22checked%22:0,%22dragID%22:4},{%22value%22:%22Tour N\u00b0 5%22,%22checked%22:0,%22dragID%22:5},{%22value%22:%22Tour N\u00b0 6%22,%22checked%22:0,%22dragID%22:6}%93&Prime; fullwidth_field=\u00a0\u00bbon\u00a0\u00bb _builder_version=\u00a0\u00bb4.6.1&Prime; global_colors_info=\u00a0\u00bb{}\u00a0\u00bb][\/et_pb_contact_field][\/et_pb_contact_form][\/et_pb_column][\/et_pb_row][\/et_pb_section]<\/p>","protected":false},"excerpt":{"rendered":"<p>Contact form<\/p>","protected":false},"author":1,"featured_media":0,"parent":0,"menu_order":0,"comment_status":"closed","ping_status":"closed","template":"","meta":{"_et_pb_use_builder":"on","_et_pb_old_content":"","_et_gb_content_width":"","footnotes":""},"class_list":["post-10619","page","type-page","status-publish","hentry"],"yoast_head":"<!-- This site is optimized with the Yoast SEO plugin v24.8.1 - https:\/\/yoast.com\/wordpress\/plugins\/seo\/ -->\n<title>Contact. - VTC-Booking<\/title>\n<meta name=\"robots\" content=\"noindex, nofollow\" \/>\n<meta property=\"og:locale\" content=\"en_GB\" \/>\n<meta property=\"og:type\" content=\"article\" \/>\n<meta property=\"og:title\" content=\"Contact. - VTC-Booking\" \/>\n<meta property=\"og:description\" content=\"Formulaire de Contact\" \/>\n<meta property=\"og:url\" content=\"https:\/\/vtc-booking.com\/en\/contact-2\/\" \/>\n<meta property=\"og:site_name\" content=\"VTC-Booking\" \/>\n<meta property=\"article:modified_time\" content=\"2022-02-15T13:03:03+00:00\" \/>\n<meta name=\"twitter:card\" content=\"summary_large_image\" \/>\n<meta name=\"twitter:label1\" content=\"Estimated reading time\" \/>\n\t<meta name=\"twitter:data1\" content=\"2 minutes\" \/>\n<script type=\"application\/ld+json\" class=\"yoast-schema-graph\">{\"@context\":\"https:\/\/schema.org\",\"@graph\":[{\"@type\":\"WebPage\",\"@id\":\"https:\/\/vtc-booking.com\/en\/contact-2\/\",\"url\":\"https:\/\/vtc-booking.com\/en\/contact-2\/\",\"name\":\"Contact. - VTC-Booking\",\"isPartOf\":{\"@id\":\"https:\/\/vtc-booking.com\/#website\"},\"datePublished\":\"2021-06-13T09:14:31+00:00\",\"dateModified\":\"2022-02-15T13:03:03+00:00\",\"breadcrumb\":{\"@id\":\"https:\/\/vtc-booking.com\/en\/contact-2\/#breadcrumb\"},\"inLanguage\":\"en-GB\",\"potentialAction\":[{\"@type\":\"ReadAction\",\"target\":[\"https:\/\/vtc-booking.com\/en\/contact-2\/\"]}]},{\"@type\":\"BreadcrumbList\",\"@id\":\"https:\/\/vtc-booking.com\/en\/contact-2\/#breadcrumb\",\"itemListElement\":[{\"@type\":\"ListItem\",\"position\":1,\"name\":\"Accueil\",\"item\":\"https:\/\/vtc-booking.com\/\"},{\"@type\":\"ListItem\",\"position\":2,\"name\":\"Contact.\"}]},{\"@type\":\"WebSite\",\"@id\":\"https:\/\/vtc-booking.com\/#website\",\"url\":\"https:\/\/vtc-booking.com\/\",\"name\":\"VTC-Booking\",\"description\":\"The Easiest Way to Get your Driver\",\"potentialAction\":[{\"@type\":\"SearchAction\",\"target\":{\"@type\":\"EntryPoint\",\"urlTemplate\":\"https:\/\/vtc-booking.com\/?s={search_term_string}\"},\"query-input\":{\"@type\":\"PropertyValueSpecification\",\"valueRequired\":true,\"valueName\":\"search_term_string\"}}],\"inLanguage\":\"en-GB\"}]}<\/script>\n<!-- \/ Yoast SEO plugin. -->","yoast_head_json":{"title":"Contact. - VTC-Booking","robots":{"index":"noindex","follow":"nofollow"},"og_locale":"en_GB","og_type":"article","og_title":"Contact. - VTC-Booking","og_description":"Formulaire de Contact","og_url":"https:\/\/vtc-booking.com\/en\/contact-2\/","og_site_name":"VTC-Booking","article_modified_time":"2022-02-15T13:03:03+00:00","twitter_card":"summary_large_image","twitter_misc":{"Estimated reading time":"2 minutes"},"schema":{"@context":"https:\/\/schema.org","@graph":[{"@type":"WebPage","@id":"https:\/\/vtc-booking.com\/en\/contact-2\/","url":"https:\/\/vtc-booking.com\/en\/contact-2\/","name":"Contact. - VTC-Booking","isPartOf":{"@id":"https:\/\/vtc-booking.com\/#website"},"datePublished":"2021-06-13T09:14:31+00:00","dateModified":"2022-02-15T13:03:03+00:00","breadcrumb":{"@id":"https:\/\/vtc-booking.com\/en\/contact-2\/#breadcrumb"},"inLanguage":"en-GB","potentialAction":[{"@type":"ReadAction","target":["https:\/\/vtc-booking.com\/en\/contact-2\/"]}]},{"@type":"BreadcrumbList","@id":"https:\/\/vtc-booking.com\/en\/contact-2\/#breadcrumb","itemListElement":[{"@type":"ListItem","position":1,"name":"Accueil","item":"https:\/\/vtc-booking.com\/"},{"@type":"ListItem","position":2,"name":"Contact."}]},{"@type":"WebSite","@id":"https:\/\/vtc-booking.com\/#website","url":"https:\/\/vtc-booking.com\/","name":"VTC-Booking","description":"The Easiest Way to Get your Driver","potentialAction":[{"@type":"SearchAction","target":{"@type":"EntryPoint","urlTemplate":"https:\/\/vtc-booking.com\/?s={search_term_string}"},"query-input":{"@type":"PropertyValueSpecification","valueRequired":true,"valueName":"search_term_string"}}],"inLanguage":"en-GB"}]}},"_links":{"self":[{"href":"https:\/\/vtc-booking.com\/en\/wp-json\/wp\/v2\/pages\/10619","targetHints":{"allow":["GET"]}}],"collection":[{"href":"https:\/\/vtc-booking.com\/en\/wp-json\/wp\/v2\/pages"}],"about":[{"href":"https:\/\/vtc-booking.com\/en\/wp-json\/wp\/v2\/types\/page"}],"author":[{"embeddable":true,"href":"https:\/\/vtc-booking.com\/en\/wp-json\/wp\/v2\/users\/1"}],"replies":[{"embeddable":true,"href":"https:\/\/vtc-booking.com\/en\/wp-json\/wp\/v2\/comments?post=10619"}],"version-history":[{"count":3,"href":"https:\/\/vtc-booking.com\/en\/wp-json\/wp\/v2\/pages\/10619\/revisions"}],"predecessor-version":[{"id":10657,"href":"https:\/\/vtc-booking.com\/en\/wp-json\/wp\/v2\/pages\/10619\/revisions\/10657"}],"wp:attachment":[{"href":"https:\/\/vtc-booking.com\/en\/wp-json\/wp\/v2\/media?parent=10619"}],"curies":[{"name":"wp","href":"https:\/\/api.w.org\/{rel}","templated":true}]}}